{"id":2850,"date":"2023-07-22T02:24:12","date_gmt":"2023-07-22T02:24:12","guid":{"rendered":"https:\/\/egi.education\/projekte\/pre-cast-creations-oetuke\/"},"modified":"2024-06-15T14:01:34","modified_gmt":"2024-06-15T14:01:34","slug":"pre-cast-creations-oetuke","status":"publish","type":"page","link":"https:\/\/egi.education\/de\/projekte\/pre-cast-creations-oetuke\/","title":{"rendered":"Pre-cast Creations Oetuke"},"content":{"rendered":"\t\t<div data-elementor-type=\"wp-page\" data-elementor-id=\"2850\" class=\"elementor elementor-2850 elementor-2268\" data-elementor-post-type=\"page\">\n\t\t\t\t<div class=\"elementor-element elementor-element-07bdede uparallax e-flex e-con-boxed e-con e-parent\" data-id=\"07bdede\" data-element_type=\"container\" data-e-type=\"container\" data-settings=\"{&quot;background_background&quot;:&quot;classic&quot;}\">\n\t\t\t\t\t<div class=\"e-con-inner\">\n\t\t\t\t\t<\/div>\n\t\t\t\t<\/div>\n\t\t<div class=\"elementor-element elementor-element-e8b7c87 e-flex e-con-boxed e-con e-parent\" data-id=\"e8b7c87\" data-element_type=\"container\" data-e-type=\"container\">\n\t\t\t\t\t<div class=\"e-con-inner\">\n\t\t\t\t<div class=\"elementor-element elementor-element-f34d635 elementor-widget elementor-widget-heading\" data-id=\"f34d635\" data-element_type=\"widget\" data-e-type=\"widget\" data-widget_type=\"heading.default\">\n\t\t\t\t<div class=\"elementor-widget-container\">\n\t\t\t\t\t<h1 class=\"elementor-heading-title elementor-size-xxl\">Pre-cast Creations Oetuke<\/h1>\t\t\t\t<\/div>\n\t\t\t\t<\/div>\n\t\t\t\t<div class=\"elementor-element elementor-element-1f64ec0 elementor-widget elementor-widget-text-editor\" data-id=\"1f64ec0\" data-element_type=\"widget\" data-e-type=\"widget\" data-widget_type=\"text-editor.default\">\n\t\t\t\t<div class=\"elementor-widget-container\">\n\t\t\t\t\t\t\t\t\t<p>Ein Projekt zur F\u00f6rderung des Aufbaus hochwertiger Infrastrukturen. Weitere Informationen folgen in K\u00fcrze.<\/p>\n\t\t\t\t\t\t\t\t<\/div>\n\t\t\t\t<\/div>\n\t\t\t\t<div class=\"elementor-element elementor-element-862bd0b elementor-widget elementor-widget-heading\" data-id=\"862bd0b\" data-element_type=\"widget\" data-e-type=\"widget\" data-widget_type=\"heading.default\">\n\t\t\t\t<div class=\"elementor-widget-container\">\n\t\t\t\t\t<h2 class=\"elementor-heading-title elementor-size-default\">Standort<\/h2>\t\t\t\t<\/div>\n\t\t\t\t<\/div>\n\t\t\t\t<div class=\"elementor-element elementor-element-f9ccf06 elementor-widget elementor-widget-google_maps\" data-id=\"f9ccf06\" data-element_type=\"widget\" data-e-type=\"widget\" data-widget_type=\"google_maps.default\">\n\t\t\t\t<div class=\"elementor-widget-container\">\n\t\t\t\t\t\t\t<div class=\"elementor-custom-embed\">\n\t\t\t<iframe loading=\"lazy\"\n\t\t\t\t\tsrc=\"https:\/\/maps.google.com\/maps?q=-9.991390834688195%2C%20124.57554281857986&#038;t=m&#038;z=13&#038;output=embed&#038;iwloc=near\"\n\t\t\t\t\ttitle=\"-9.991390834688195, 124.57554281857986\"\n\t\t\t\t\taria-label=\"-9.991390834688195, 124.57554281857986\"\n\t\t\t><\/iframe>\n\t\t<\/div>\n\t\t\t\t\t\t<\/div>\n\t\t\t\t<\/div>\n\t\t\t\t<div class=\"elementor-element elementor-element-ff12c5a elementor-widget elementor-widget-heading\" data-id=\"ff12c5a\" data-element_type=\"widget\" data-e-type=\"widget\" data-widget_type=\"heading.default\">\n\t\t\t\t<div class=\"elementor-widget-container\">\n\t\t\t\t\t<h2 class=\"elementor-heading-title elementor-size-default\">Galerie<\/h2>\t\t\t\t<\/div>\n\t\t\t\t<\/div>\n\t\t\t\t<div class=\"elementor-element elementor-element-a3c0e0a elementor-widget elementor-widget-gallery\" data-id=\"a3c0e0a\" data-element_type=\"widget\" data-e-type=\"widget\" data-settings=\"{&quot;columns&quot;:3,&quot;columns_mobile&quot;:2,&quot;gap&quot;:{&quot;unit&quot;:&quot;px&quot;,&quot;size&quot;:25,&quot;sizes&quot;:[]},&quot;image_hover_animation&quot;:&quot;grow&quot;,&quot;background_overlay_hover_animation&quot;:&quot;exit-zoom-in&quot;,&quot;lazyload&quot;:&quot;yes&quot;,&quot;gallery_layout&quot;:&quot;grid&quot;,&quot;columns_tablet&quot;:2,&quot;gap_tablet&quot;:{&quot;unit&quot;:&quot;px&quot;,&quot;size&quot;:10,&quot;sizes&quot;:[]},&quot;gap_mobile&quot;:{&quot;unit&quot;:&quot;px&quot;,&quot;size&quot;:10,&quot;sizes&quot;:[]},&quot;link_to&quot;:&quot;file&quot;,&quot;aspect_ratio&quot;:&quot;3:2&quot;,&quot;overlay_background&quot;:&quot;yes&quot;,&quot;content_hover_animation&quot;:&quot;fade-in&quot;}\" data-widget_type=\"gallery.default\">\n\t\t\t\t<div class=\"elementor-widget-container\">\n\t\t\t\t\t\t\t<div class=\"elementor-gallery__container\">\n\t\t\t\t\t\t\t<a class=\"e-gallery-item elementor-gallery-item elementor-animated-content\" href=\"https:\/\/egi.education\/wp-content\/uploads\/2024\/02\/egi-02-24-11_r.jpg\" data-elementor-open-lightbox=\"yes\" data-elementor-lightbox-slideshow=\"a3c0e0a\" data-e-action-hash=\"#elementor-action%3Aaction%3Dlightbox%26settings%3DeyJpZCI6MzUyNSwidXJsIjoiaHR0cHM6XC9cL2VnaS5lZHVjYXRpb25cL3dwLWNvbnRlbnRcL3VwbG9hZHNcLzIwMjRcLzAyXC9lZ2ktMDItMjQtMTFfci5qcGciLCJzbGlkZXNob3ciOiJhM2MwZTBhIn0%3D\">\n\t\t\t\t\t<div class=\"e-gallery-image elementor-gallery-item__image\" data-thumbnail=\"https:\/\/egi.education\/wp-content\/uploads\/2024\/02\/egi-02-24-11_r-768x576.jpg\" data-width=\"768\" data-height=\"576\" aria-label=\"\" role=\"img\" ><\/div>\n\t\t\t\t\t\t\t\t\t\t\t<div class=\"elementor-gallery-item__overlay\"><\/div>\n\t\t\t\t\t\t\t\t\t\t\t\t\t\t<\/a>\n\t\t\t\t\t\t\t<a class=\"e-gallery-item elementor-gallery-item elementor-animated-content\" href=\"https:\/\/egi.education\/wp-content\/uploads\/2024\/02\/egi-02-24-a.jpg\" data-elementor-open-lightbox=\"yes\" data-elementor-lightbox-slideshow=\"a3c0e0a\" data-e-action-hash=\"#elementor-action%3Aaction%3Dlightbox%26settings%3DeyJpZCI6MzUyOSwidXJsIjoiaHR0cHM6XC9cL2VnaS5lZHVjYXRpb25cL3dwLWNvbnRlbnRcL3VwbG9hZHNcLzIwMjRcLzAyXC9lZ2ktMDItMjQtYS5qcGciLCJzbGlkZXNob3ciOiJhM2MwZTBhIn0%3D\">\n\t\t\t\t\t<div class=\"e-gallery-image elementor-gallery-item__image\" data-thumbnail=\"https:\/\/egi.education\/wp-content\/uploads\/2024\/02\/egi-02-24-a-768x576.jpg\" data-width=\"768\" data-height=\"576\" aria-label=\"\" role=\"img\" ><\/div>\n\t\t\t\t\t\t\t\t\t\t\t<div class=\"elementor-gallery-item__overlay\"><\/div>\n\t\t\t\t\t\t\t\t\t\t\t\t\t\t<\/a>\n\t\t\t\t\t\t\t<a class=\"e-gallery-item elementor-gallery-item elementor-animated-content\" href=\"https:\/\/egi.education\/wp-content\/uploads\/2024\/02\/egi-02-24-b-2_r.jpg\" data-elementor-open-lightbox=\"yes\" data-elementor-lightbox-slideshow=\"a3c0e0a\" data-e-action-hash=\"#elementor-action%3Aaction%3Dlightbox%26settings%3DeyJpZCI6MzU4MiwidXJsIjoiaHR0cHM6XC9cL2VnaS5lZHVjYXRpb25cL3dwLWNvbnRlbnRcL3VwbG9hZHNcLzIwMjRcLzAyXC9lZ2ktMDItMjQtYi0yX3IuanBnIiwic2xpZGVzaG93IjoiYTNjMGUwYSJ9\">\n\t\t\t\t\t<div class=\"e-gallery-image elementor-gallery-item__image\" data-thumbnail=\"https:\/\/egi.education\/wp-content\/uploads\/2024\/02\/egi-02-24-b-2_r-768x576.jpg\" data-width=\"768\" data-height=\"576\" aria-label=\"\" role=\"img\" ><\/div>\n\t\t\t\t\t\t\t\t\t\t\t<div class=\"elementor-gallery-item__overlay\"><\/div>\n\t\t\t\t\t\t\t\t\t\t\t\t\t\t<\/a>\n\t\t\t\t\t<\/div>\n\t\t\t\t\t<\/div>\n\t\t\t\t<\/div>\n\t\t\t\t<div class=\"elementor-element elementor-element-8b56984 elementor-widget elementor-widget-text-editor\" data-id=\"8b56984\" data-element_type=\"widget\" data-e-type=\"widget\" data-widget_type=\"text-editor.default\">\n\t\t\t\t<div class=\"elementor-widget-container\">\n\t\t\t\t\t\t\t\t\t<p>Wir arbeiten an dem Prototyp unserer ersten wiederverwendbaren Beton-Fertigteilschalung. Diese vorgefertigten Bauelemente werden uns vor Ort helfen, schneller und noch pr\u00e4ziser zu arbeiten.<br \/>Mit weniger Aufwand erhalten wir eine h\u00f6here Qualit\u00e4t bei h\u00f6herer Quantit\u00e4t.<\/p>\n\t\t\t\t\t\t\t\t<\/div>\n\t\t\t\t<\/div>\n\t\t\t\t<div class=\"elementor-element elementor-element-44a3407 elementor-widget elementor-widget-heading\" data-id=\"44a3407\" data-element_type=\"widget\" data-e-type=\"widget\" data-widget_type=\"heading.default\">\n\t\t\t\t<div class=\"elementor-widget-container\">\n\t\t\t\t\t<h2 class=\"elementor-heading-title elementor-size-default\">Zeitleiste<\/h2>\t\t\t\t<\/div>\n\t\t\t\t<\/div>\n\t\t\t\t<div class=\"elementor-element elementor-element-2ec7239 elementor-widget elementor-widget-text-editor\" data-id=\"2ec7239\" data-element_type=\"widget\" data-e-type=\"widget\" data-widget_type=\"text-editor.default\">\n\t\t\t\t<div class=\"elementor-widget-container\">\n\t\t\t\t\t\t\t\t\t<p>Projektstart: Februar 2024<\/p>\n<p>Die erste Etappe wird in diesem Jahr abgeschlossen sein.<\/p>\n\t\t\t\t\t\t\t\t<\/div>\n\t\t\t\t<\/div>\n\t\t\t\t<div class=\"elementor-element elementor-element-ecec001 elementor-widget elementor-widget-spacer\" data-id=\"ecec001\" data-element_type=\"widget\" data-e-type=\"widget\" data-widget_type=\"spacer.default\">\n\t\t\t\t<div class=\"elementor-widget-container\">\n\t\t\t\t\t\t\t<div class=\"elementor-spacer\">\n\t\t\t<div class=\"elementor-spacer-inner\"><\/div>\n\t\t<\/div>\n\t\t\t\t\t\t<\/div>\n\t\t\t\t<\/div>\n\t\t\t\t<div class=\"elementor-element elementor-element-11158f4 elementor-widget elementor-widget-spacer\" data-id=\"11158f4\" data-element_type=\"widget\" data-e-type=\"widget\" data-widget_type=\"spacer.default\">\n\t\t\t\t<div class=\"elementor-widget-container\">\n\t\t\t\t\t\t\t<div class=\"elementor-spacer\">\n\t\t\t<div class=\"elementor-spacer-inner\"><\/div>\n\t\t<\/div>\n\t\t\t\t\t\t<\/div>\n\t\t\t\t<\/div>\n\t\t\t\t\t<\/div>\n\t\t\t\t<\/div>\n\t\t\t\t<\/div>\n\t\t","protected":false},"excerpt":{"rendered":"<p>Ein Projekt zur F\u00f6rderung des Aufbaus hochwertiger Infrastrukturen. Weitere Informationen folgen in K\u00fcrze. Standort Galerie Wir arbeiten an dem Prototyp unserer ersten wiederverwendbaren Beton-Fertigteilschalung. Diese vorgefertigten Bauelemente werden uns vor Ort helfen, schneller und noch pr\u00e4ziser zu arbeiten.Mit weniger Aufwand erhalten wir eine h\u00f6here Qualit\u00e4t bei h\u00f6herer Quantit\u00e4t. Zeitleiste Projektstart: Februar 2024 Die erste Etappe [&hellip;]<\/p>\n","protected":false},"author":1,"featured_media":0,"parent":2815,"menu_order":0,"comment_status":"closed","ping_status":"closed","template":"","meta":{"footnotes":""},"class_list":["post-2850","page","type-page","status-publish","hentry"],"_links":{"self":[{"href":"https:\/\/egi.education\/de\/wp-json\/wp\/v2\/pages\/2850","targetHints":{"allow":["GET"]}}],"collection":[{"href":"https:\/\/egi.education\/de\/wp-json\/wp\/v2\/pages"}],"about":[{"href":"https:\/\/egi.education\/de\/wp-json\/wp\/v2\/types\/page"}],"author":[{"embeddable":true,"href":"https:\/\/egi.education\/de\/wp-json\/wp\/v2\/users\/1"}],"replies":[{"embeddable":true,"href":"https:\/\/egi.education\/de\/wp-json\/wp\/v2\/comments?post=2850"}],"version-history":[{"count":5,"href":"https:\/\/egi.education\/de\/wp-json\/wp\/v2\/pages\/2850\/revisions"}],"predecessor-version":[{"id":3633,"href":"https:\/\/egi.education\/de\/wp-json\/wp\/v2\/pages\/2850\/revisions\/3633"}],"up":[{"embeddable":true,"href":"https:\/\/egi.education\/de\/wp-json\/wp\/v2\/pages\/2815"}],"wp:attachment":[{"href":"https:\/\/egi.education\/de\/wp-json\/wp\/v2\/media?parent=2850"}],"curies":[{"name":"wp","href":"https:\/\/api.w.org\/{rel}","templated":true}]}}