{"id":2830,"date":"2023-07-22T02:21:54","date_gmt":"2023-07-22T02:21:54","guid":{"rendered":"https:\/\/egi.education\/projekte\/bamboo-innovations-kotolin\/"},"modified":"2024-06-11T16:39:45","modified_gmt":"2024-06-11T16:39:45","slug":"bamboo-innovations-kotolin","status":"publish","type":"page","link":"https:\/\/egi.education\/de\/projekte\/bamboo-innovations-kotolin\/","title":{"rendered":"Bamboo Innovations Kot&#8217;olin"},"content":{"rendered":"\t\t<div data-elementor-type=\"wp-page\" data-elementor-id=\"2830\" class=\"elementor elementor-2830 elementor-2266\" data-elementor-post-type=\"page\">\n\t\t\t\t<div class=\"elementor-element elementor-element-77005bf uparallax e-flex e-con-boxed e-con e-parent\" data-id=\"77005bf\" data-element_type=\"container\" data-e-type=\"container\" data-settings=\"{&quot;background_background&quot;:&quot;classic&quot;}\">\n\t\t\t\t\t<div class=\"e-con-inner\">\n\t\t\t\t<div class=\"elementor-element elementor-element-53d12a7 elementor-widget__width-auto elementor-absolute e-transform elementor-widget elementor-widget-heading\" data-id=\"53d12a7\" data-element_type=\"widget\" data-e-type=\"widget\" data-settings=\"{&quot;_position&quot;:&quot;absolute&quot;,&quot;_transform_rotateZ_effect&quot;:{&quot;unit&quot;:&quot;px&quot;,&quot;size&quot;:270,&quot;sizes&quot;:[]},&quot;_transform_rotateZ_effect_tablet&quot;:{&quot;unit&quot;:&quot;deg&quot;,&quot;size&quot;:&quot;&quot;,&quot;sizes&quot;:[]},&quot;_transform_rotateZ_effect_mobile&quot;:{&quot;unit&quot;:&quot;deg&quot;,&quot;size&quot;:&quot;&quot;,&quot;sizes&quot;:[]}}\" data-widget_type=\"heading.default\">\n\t\t\t\t<div class=\"elementor-widget-container\">\n\t\t\t\t\t<p class=\"elementor-heading-title elementor-size-default\">Bild: Bambus in Kot'olin<\/p>\t\t\t\t<\/div>\n\t\t\t\t<\/div>\n\t\t\t\t\t<\/div>\n\t\t\t\t<\/div>\n\t\t<div class=\"elementor-element elementor-element-ee7284b e-flex e-con-boxed e-con e-parent\" data-id=\"ee7284b\" data-element_type=\"container\" data-e-type=\"container\">\n\t\t\t\t\t<div class=\"e-con-inner\">\n\t\t\t\t<div class=\"elementor-element elementor-element-ec003d8 elementor-widget elementor-widget-heading\" data-id=\"ec003d8\" data-element_type=\"widget\" data-e-type=\"widget\" data-widget_type=\"heading.default\">\n\t\t\t\t<div class=\"elementor-widget-container\">\n\t\t\t\t\t<h1 class=\"elementor-heading-title elementor-size-xxl\">Bamboo Innovations Kot&#8217;olin<\/h1>\t\t\t\t<\/div>\n\t\t\t\t<\/div>\n\t\t\t\t<div class=\"elementor-element elementor-element-2bd3d85 elementor-widget elementor-widget-text-editor\" data-id=\"2bd3d85\" data-element_type=\"widget\" data-e-type=\"widget\" data-widget_type=\"text-editor.default\">\n\t\t\t\t<div class=\"elementor-widget-container\">\n\t\t\t\t\t\t\t\t\t<p>Bamboo Innovations Kot&#8217;olin ist eine lokale Initiative, die aus dem Bewusstsein f\u00fcr das ungenutzte Potenzial unserer reichhaltigen Bambusressourcen in der Region Kot&#8217;olin entstanden ist. Trotz des Reichtums an Bambus ist dies eine Ressource, die bisher kaum genutzt wurde, insbesondere im Bauwesen und in der M\u00f6belherstellung.<\/p>\n<p>Bamboo Innovations Kot&#8217;olin l\u00e4sst sich von Vorreitern wie IBUKU und Bamboo U inspirieren und hat sich zum Ziel gesetzt, die bemerkenswerten M\u00f6glichkeiten zu erforschen, die in diesem nachhaltigen Material stecken. Unser Schwerpunkt liegt auf der Herstellung langlebiger und umweltfreundlicher Baumaterialien und M\u00f6bel, die die Vielseitigkeit von Bambus demonstrieren.<\/p>\n<p>Das Hauptziel unseres Projekts ist es, das Bildungszentrum in Kot&#8217;olin mit nachhaltigen M\u00f6beln auszustatten und so den Weg f\u00fcr zuk\u00fcnftige Initiativen zu ebnen. Unser Ziel ist es, nicht nur das Potenzial von Bambus voll auszusch\u00f6pfen, sondern auch die Wirtschaft in einer entwicklungsf\u00e4higen Region anzukurbeln.<\/p>\n<p>Indem wir uns an die Umwandlung von Bambus in n\u00fctzliche, attraktive Waren wagen, wollen wir die lokale Industrie f\u00f6rdern und M\u00f6glichkeiten zur Schaffung von Arbeitspl\u00e4tzen bieten. Dies wiederum kann das Wirtschaftswachstum f\u00f6rdern und zum Aufbau einer nachhaltigen und wohlhabenden Zukunft f\u00fcr Kot&#8217;olin beitragen.<\/p>\n<p>Bei Bamboo Innovations Kot&#8217;olin geht es nicht nur um Bambus, sondern auch um die Gemeinschaft, um nachhaltige Innovation und um die \u00dcberzeugung, dass ein verantwortungsvoller Umgang mit lokalen Ressourcen sinnvolle Ver\u00e4nderungen bewirken kann. Wir freuen uns auf die vor uns liegende Reise und das Potenzial, Kot&#8217;olin durch die Kraft der nachhaltigen Innovation zu ver\u00e4ndern.<\/p>\n\t\t\t\t\t\t\t\t<\/div>\n\t\t\t\t<\/div>\n\t\t\t\t<div class=\"elementor-element elementor-element-5a3aa7d elementor-widget elementor-widget-heading\" data-id=\"5a3aa7d\" data-element_type=\"widget\" data-e-type=\"widget\" data-widget_type=\"heading.default\">\n\t\t\t\t<div class=\"elementor-widget-container\">\n\t\t\t\t\t<h2 class=\"elementor-heading-title elementor-size-default\">Standort<\/h2>\t\t\t\t<\/div>\n\t\t\t\t<\/div>\n\t\t\t\t<div class=\"elementor-element elementor-element-87e1cce elementor-widget elementor-widget-text-editor\" data-id=\"87e1cce\" data-element_type=\"widget\" data-e-type=\"widget\" data-widget_type=\"text-editor.default\">\n\t\t\t\t<div class=\"elementor-widget-container\">\n\t\t\t\t\t\t\t\t\t<p>Die Fabrik befindet sich 70 Meter n\u00f6rdlich des Bildungszentrums Kot&#8217;olin in Nunboko.<\/p>\n\t\t\t\t\t\t\t\t<\/div>\n\t\t\t\t<\/div>\n\t\t\t\t<div class=\"elementor-element elementor-element-f6bd2f1 elementor-widget elementor-widget-google_maps\" data-id=\"f6bd2f1\" data-element_type=\"widget\" data-e-type=\"widget\" data-widget_type=\"google_maps.default\">\n\t\t\t\t<div class=\"elementor-widget-container\">\n\t\t\t\t\t\t\t<div class=\"elementor-custom-embed\">\n\t\t\t<iframe loading=\"lazy\"\n\t\t\t\t\tsrc=\"https:\/\/maps.google.com\/maps?q=-9.94689986243059%2C%20124.60021402163231&#038;t=m&#038;z=13&#038;output=embed&#038;iwloc=near\"\n\t\t\t\t\ttitle=\"-9.94689986243059, 124.60021402163231\"\n\t\t\t\t\taria-label=\"-9.94689986243059, 124.60021402163231\"\n\t\t\t><\/iframe>\n\t\t<\/div>\n\t\t\t\t\t\t<\/div>\n\t\t\t\t<\/div>\n\t\t\t\t<div class=\"elementor-element elementor-element-96f93ef elementor-widget elementor-widget-heading\" data-id=\"96f93ef\" data-element_type=\"widget\" data-e-type=\"widget\" data-widget_type=\"heading.default\">\n\t\t\t\t<div class=\"elementor-widget-container\">\n\t\t\t\t\t<h2 class=\"elementor-heading-title elementor-size-default\">Zeitleiste<\/h2>\t\t\t\t<\/div>\n\t\t\t\t<\/div>\n\t\t\t\t<div class=\"elementor-element elementor-element-142089f elementor-widget elementor-widget-text-editor\" data-id=\"142089f\" data-element_type=\"widget\" data-e-type=\"widget\" data-widget_type=\"text-editor.default\">\n\t\t\t\t<div class=\"elementor-widget-container\">\n\t\t\t\t\t\t\t\t\t<p>Bei der Bewertung haben wir erkannt, dass es notwendig ist, in eine grundlegende Allgemeinbildung zu investieren, die eine Voraussetzung f\u00fcr eine effektive berufsspezifische Ausbildung ist. Daher haben wir beschlossen, das Bamboo Innovations Kotolin Projekt zu verschieben, bis diese grundlegende Bildungsinfrastruktur fest etabliert ist.<\/p>\n\t\t\t\t\t\t\t\t<\/div>\n\t\t\t\t<\/div>\n\t\t\t\t<div class=\"elementor-element elementor-element-36f8769 elementor-widget elementor-widget-spacer\" data-id=\"36f8769\" data-element_type=\"widget\" data-e-type=\"widget\" data-widget_type=\"spacer.default\">\n\t\t\t\t<div class=\"elementor-widget-container\">\n\t\t\t\t\t\t\t<div class=\"elementor-spacer\">\n\t\t\t<div class=\"elementor-spacer-inner\"><\/div>\n\t\t<\/div>\n\t\t\t\t\t\t<\/div>\n\t\t\t\t<\/div>\n\t\t\t\t<div class=\"elementor-element elementor-element-5648212 elementor-widget elementor-widget-spacer\" data-id=\"5648212\" data-element_type=\"widget\" data-e-type=\"widget\" data-widget_type=\"spacer.default\">\n\t\t\t\t<div class=\"elementor-widget-container\">\n\t\t\t\t\t\t\t<div class=\"elementor-spacer\">\n\t\t\t<div class=\"elementor-spacer-inner\"><\/div>\n\t\t<\/div>\n\t\t\t\t\t\t<\/div>\n\t\t\t\t<\/div>\n\t\t\t\t\t<\/div>\n\t\t\t\t<\/div>\n\t\t\t\t<\/div>\n\t\t","protected":false},"excerpt":{"rendered":"<p>Bild: Bambus in Kot&#8217;olin Bamboo Innovations Kot&#8217;olin ist eine lokale Initiative, die aus dem Bewusstsein f\u00fcr das ungenutzte Potenzial unserer reichhaltigen Bambusressourcen in der Region Kot&#8217;olin entstanden ist. Trotz des Reichtums an Bambus ist dies eine Ressource, die bisher kaum genutzt wurde, insbesondere im Bauwesen und in der M\u00f6belherstellung. Bamboo Innovations Kot&#8217;olin l\u00e4sst sich von [&hellip;]<\/p>\n","protected":false},"author":1,"featured_media":0,"parent":2815,"menu_order":0,"comment_status":"closed","ping_status":"closed","template":"","meta":{"footnotes":""},"class_list":["post-2830","page","type-page","status-publish","hentry"],"_links":{"self":[{"href":"https:\/\/egi.education\/de\/wp-json\/wp\/v2\/pages\/2830","targetHints":{"allow":["GET"]}}],"collection":[{"href":"https:\/\/egi.education\/de\/wp-json\/wp\/v2\/pages"}],"about":[{"href":"https:\/\/egi.education\/de\/wp-json\/wp\/v2\/types\/page"}],"author":[{"embeddable":true,"href":"https:\/\/egi.education\/de\/wp-json\/wp\/v2\/users\/1"}],"replies":[{"embeddable":true,"href":"https:\/\/egi.education\/de\/wp-json\/wp\/v2\/comments?post=2830"}],"version-history":[{"count":3,"href":"https:\/\/egi.education\/de\/wp-json\/wp\/v2\/pages\/2830\/revisions"}],"predecessor-version":[{"id":4130,"href":"https:\/\/egi.education\/de\/wp-json\/wp\/v2\/pages\/2830\/revisions\/4130"}],"up":[{"embeddable":true,"href":"https:\/\/egi.education\/de\/wp-json\/wp\/v2\/pages\/2815"}],"wp:attachment":[{"href":"https:\/\/egi.education\/de\/wp-json\/wp\/v2\/media?parent=2830"}],"curies":[{"name":"wp","href":"https:\/\/api.w.org\/{rel}","templated":true}]}}