{"id":2817,"date":"2023-07-22T02:06:30","date_gmt":"2023-07-22T02:06:30","guid":{"rendered":"https:\/\/egi.education\/projekte\/agroforestry-initiative-oetuke\/"},"modified":"2024-06-11T16:39:45","modified_gmt":"2024-06-11T16:39:45","slug":"agroforestry-initiative-oetuke","status":"publish","type":"page","link":"https:\/\/egi.education\/de\/projekte\/agroforestry-initiative-oetuke\/","title":{"rendered":"Agroforestry Initiative"},"content":{"rendered":"\t\t<div data-elementor-type=\"wp-page\" data-elementor-id=\"2817\" class=\"elementor elementor-2817 elementor-2252\" data-elementor-post-type=\"page\">\n\t\t\t\t<div class=\"elementor-element elementor-element-0570826 uparallax e-flex e-con-boxed e-con e-parent\" data-id=\"0570826\" data-element_type=\"container\" data-e-type=\"container\" data-settings=\"{&quot;background_background&quot;:&quot;classic&quot;}\">\n\t\t\t\t\t<div class=\"e-con-inner\">\n\t\t\t\t<div class=\"elementor-element elementor-element-b26302e elementor-widget__width-auto elementor-absolute e-transform elementor-hidden-mobile elementor-widget elementor-widget-heading\" data-id=\"b26302e\" data-element_type=\"widget\" data-e-type=\"widget\" data-settings=\"{&quot;_position&quot;:&quot;absolute&quot;,&quot;_transform_rotateZ_effect&quot;:{&quot;unit&quot;:&quot;px&quot;,&quot;size&quot;:270,&quot;sizes&quot;:[]},&quot;_transform_rotateZ_effect_tablet&quot;:{&quot;unit&quot;:&quot;deg&quot;,&quot;size&quot;:&quot;&quot;,&quot;sizes&quot;:[]},&quot;_transform_rotateZ_effect_mobile&quot;:{&quot;unit&quot;:&quot;deg&quot;,&quot;size&quot;:&quot;&quot;,&quot;sizes&quot;:[]}}\" data-widget_type=\"heading.default\">\n\t\t\t\t<div class=\"elementor-widget-container\">\n\t\t\t\t\t<p class=\"elementor-heading-title elementor-size-default\">Bild: Landwirtschaft bei SMAK Oetuke<\/p>\t\t\t\t<\/div>\n\t\t\t\t<\/div>\n\t\t\t\t\t<\/div>\n\t\t\t\t<\/div>\n\t\t<div class=\"elementor-element elementor-element-44f7ef7 e-flex e-con-boxed e-con e-parent\" data-id=\"44f7ef7\" data-element_type=\"container\" data-e-type=\"container\">\n\t\t\t\t\t<div class=\"e-con-inner\">\n\t\t\t\t<div class=\"elementor-element elementor-element-60b0c0d elementor-widget elementor-widget-heading\" data-id=\"60b0c0d\" data-element_type=\"widget\" data-e-type=\"widget\" data-widget_type=\"heading.default\">\n\t\t\t\t<div class=\"elementor-widget-container\">\n\t\t\t\t\t<h1 class=\"elementor-heading-title elementor-size-xxl\">Agroforestry Initiative<\/h1>\t\t\t\t<\/div>\n\t\t\t\t<\/div>\n\t\t\t\t<div class=\"elementor-element elementor-element-9c2dbb7 elementor-widget elementor-widget-text-editor\" data-id=\"9c2dbb7\" data-element_type=\"widget\" data-e-type=\"widget\" data-widget_type=\"text-editor.default\">\n\t\t\t\t<div class=\"elementor-widget-container\">\n\t\t\t\t\t\t\t\t\t<p>Die Agroforst-Initiative Oetuke ist ein Permakulturprojekt, das in der \u00dcberzeugung wurzelt, dass die Gesundheit unserer Gemeinschaft mit der Gesundheit unseres Landes beginnt. In Oetuke sind wir mit dem dringenden Problem der Verk\u00fcmmerung aufgrund von Ern\u00e4hrungsm\u00e4ngeln konfrontiert, ein Problem, das gr\u00f6\u00dftenteils auf die mangelnde Vielfalt der lokalen Produkte zur\u00fcckzuf\u00fchren ist.<\/p>\n<p>Unsere Initiative zielt darauf ab, dies zu \u00e4ndern, indem wir die Grunds\u00e4tze der Agroforstwirtschaft anwenden, einer landwirtschaftlichen Methode, die den Anbau von B\u00e4umen, Nutzpflanzen und Vieh in einem f\u00fcr beide Seiten vorteilhaften System kombiniert. Durch die Integration einer Vielzahl von Obst- und Gem\u00fcsesorten in unsere lokale Landschaft wollen wir eine reichhaltige, nachhaltige Nahrungsquelle f\u00fcr unsere Gemeinschaft schaffen, insbesondere f\u00fcr Schulen, in denen die richtige Ern\u00e4hrung f\u00fcr die Entwicklung der Kinder von zentraler Bedeutung ist.<\/p>\n\t\t\t\t\t\t\t\t<\/div>\n\t\t\t\t<\/div>\n\t\t\t\t<div class=\"elementor-element elementor-element-28650c4 elementor-widget elementor-widget-video\" data-id=\"28650c4\" data-element_type=\"widget\" data-e-type=\"widget\" data-settings=\"{&quot;youtube_url&quot;:&quot;https:\\\/\\\/www.youtube.com\\\/watch?v=8WCphrWEirs&amp;t=102s&quot;,&quot;video_type&quot;:&quot;youtube&quot;,&quot;controls&quot;:&quot;yes&quot;}\" data-widget_type=\"video.default\">\n\t\t\t\t<div class=\"elementor-widget-container\">\n\t\t\t\t\t\t\t<div class=\"elementor-wrapper elementor-open-inline\">\n\t\t\t<div class=\"elementor-video\"><\/div>\t\t<\/div>\n\t\t\t\t\t\t<\/div>\n\t\t\t\t<\/div>\n\t\t\t\t<div class=\"elementor-element elementor-element-9a85d67 elementor-widget elementor-widget-text-editor\" data-id=\"9a85d67\" data-element_type=\"widget\" data-e-type=\"widget\" data-widget_type=\"text-editor.default\">\n\t\t\t\t<div class=\"elementor-widget-container\">\n\t\t\t\t\t\t\t\t\t<p>Mit der Agroforst-Initiative Oetuke wollen wir unser Land, unsere Menschen und unsere Zukunft ern\u00e4hren. Bei diesem Projekt geht es nicht nur um Wachstum im landwirtschaftlichen Sinne, sondern auch um die F\u00f6rderung von Gesundheit, Wissen und Widerstandsf\u00e4higkeit in unserer Gemeinschaft. Indem wir unser Handeln auf die Prinzipien der Permakultur gr\u00fcnden, wollen wir eine nachhaltige, lebendige und n\u00e4hrstoffreiche Landschaft schaffen, von der Oetuke noch \u00fcber Generationen hinweg profitieren wird.<\/p>\n\t\t\t\t\t\t\t\t<\/div>\n\t\t\t\t<\/div>\n\t\t\t\t<div class=\"elementor-element elementor-element-fee73e0 elementor-widget elementor-widget-heading\" data-id=\"fee73e0\" data-element_type=\"widget\" data-e-type=\"widget\" data-widget_type=\"heading.default\">\n\t\t\t\t<div class=\"elementor-widget-container\">\n\t\t\t\t\t<h2 class=\"elementor-heading-title elementor-size-default\">Artenprofil<\/h2>\t\t\t\t<\/div>\n\t\t\t\t<\/div>\n\t\t\t\t<div class=\"elementor-element elementor-element-1a47e41 elementor-widget elementor-widget-text-editor\" data-id=\"1a47e41\" data-element_type=\"widget\" data-e-type=\"widget\" data-widget_type=\"text-editor.default\">\n\t\t\t\t<div class=\"elementor-widget-container\">\n\t\t\t\t\t\t\t\t\t<p>Hoch aufragende B\u00e4ume: Unsere Landschaften sind mit majest\u00e4tischen Kokospalmen, dem nahrhaften Moringa und der einzigartig aromatischen Soursop geschm\u00fcckt.<\/p>\n<p>\u00dcppige Str\u00e4ucher und niedrige B\u00e4ume: Unser Erdgeschoss ist \u00fcppig bewachsen mit dem tropischen Charme von Bananen- und Papayab\u00e4umen, unterstrichen von den leuchtenden Bl\u00fcten unserer Orangenb\u00e4ume.<\/p>\n<p>Vielf\u00e4ltige Pflanzenarten: S\u00fc\u00dfkartoffeln, Erdn\u00fcsse und Tomaten bereichern unsere Felder, w\u00e4hrend Auberginen und Gr\u00fcnkohl eine lebendige Mischung aus Texturen und Geschmacksrichtungen bieten. Zwiebeln, Knoblauch und Chili sorgen f\u00fcr eine w\u00fcrzige Komponente, w\u00e4hrend die S\u00fc\u00dfe in unserem vielf\u00e4ltigen Angebot von Melonen und Ananas stammt.<\/p>\n\t\t\t\t\t\t\t\t<\/div>\n\t\t\t\t<\/div>\n\t\t\t\t<div class=\"elementor-element elementor-element-842f1c1 elementor-widget elementor-widget-spacer\" data-id=\"842f1c1\" data-element_type=\"widget\" data-e-type=\"widget\" data-widget_type=\"spacer.default\">\n\t\t\t\t<div class=\"elementor-widget-container\">\n\t\t\t\t\t\t\t<div class=\"elementor-spacer\">\n\t\t\t<div class=\"elementor-spacer-inner\"><\/div>\n\t\t<\/div>\n\t\t\t\t\t\t<\/div>\n\t\t\t\t<\/div>\n\t\t\t\t\t<\/div>\n\t\t\t\t<\/div>\n\t\t<div class=\"elementor-element elementor-element-f2ff09d uparallax2 e-flex e-con-boxed e-con e-parent\" data-id=\"f2ff09d\" data-element_type=\"container\" data-e-type=\"container\" data-settings=\"{&quot;background_background&quot;:&quot;classic&quot;}\">\n\t\t\t\t\t<div class=\"e-con-inner\">\n\t\t\t\t\t<\/div>\n\t\t\t\t<\/div>\n\t\t<div class=\"elementor-element elementor-element-37ec42b e-flex e-con-boxed e-con e-parent\" data-id=\"37ec42b\" data-element_type=\"container\" data-e-type=\"container\">\n\t\t\t\t\t<div class=\"e-con-inner\">\n\t\t\t\t<div class=\"elementor-element elementor-element-3714541 elementor-widget elementor-widget-heading\" data-id=\"3714541\" data-element_type=\"widget\" data-e-type=\"widget\" data-widget_type=\"heading.default\">\n\t\t\t\t<div class=\"elementor-widget-container\">\n\t\t\t\t\t<h2 class=\"elementor-heading-title elementor-size-default\">Standort<\/h2>\t\t\t\t<\/div>\n\t\t\t\t<\/div>\n\t\t\t\t<div class=\"elementor-element elementor-element-b3a2dd2 elementor-widget elementor-widget-google_maps\" data-id=\"b3a2dd2\" data-element_type=\"widget\" data-e-type=\"widget\" data-widget_type=\"google_maps.default\">\n\t\t\t\t<div class=\"elementor-widget-container\">\n\t\t\t\t\t\t\t<div class=\"elementor-custom-embed\">\n\t\t\t<iframe loading=\"lazy\"\n\t\t\t\t\tsrc=\"https:\/\/maps.google.com\/maps?q=-9.991390834688195%2C%20124.57554281857986&#038;t=m&#038;z=13&#038;output=embed&#038;iwloc=near\"\n\t\t\t\t\ttitle=\"-9.991390834688195, 124.57554281857986\"\n\t\t\t\t\taria-label=\"-9.991390834688195, 124.57554281857986\"\n\t\t\t><\/iframe>\n\t\t<\/div>\n\t\t\t\t\t\t<\/div>\n\t\t\t\t<\/div>\n\t\t\t\t<div class=\"elementor-element elementor-element-c1ab149 elementor-widget elementor-widget-heading\" data-id=\"c1ab149\" data-element_type=\"widget\" data-e-type=\"widget\" data-widget_type=\"heading.default\">\n\t\t\t\t<div class=\"elementor-widget-container\">\n\t\t\t\t\t<h2 class=\"elementor-heading-title elementor-size-default\">Zeitleiste<\/h2>\t\t\t\t<\/div>\n\t\t\t\t<\/div>\n\t\t\t\t<div class=\"elementor-element elementor-element-bcf8a5a elementor-widget elementor-widget-text-editor\" data-id=\"bcf8a5a\" data-element_type=\"widget\" data-e-type=\"widget\" data-widget_type=\"text-editor.default\">\n\t\t\t\t<div class=\"elementor-widget-container\">\n\t\t\t\t\t\t\t\t\t<p>In der ersten Phase unseres Projekts wird eine Fl\u00e4che von einem Hektar mit Leben erf\u00fcllt. Hier wird eine Vielzahl von n\u00e4hrstoffreichen B\u00e4umen und Nutzpflanzen in Harmonie gepflanzt, wobei die Vorteile jeder Art genutzt werden, um ein bl\u00fchendes \u00d6kosystem zu schaffen, das mehr ist als die Summe seiner Teile. Wir konzentrieren uns nicht nur auf die unmittelbaren Ern\u00e4hrungsbed\u00fcrfnisse, sondern auch auf den Anbau f\u00fcr die Zukunft, um eine kontinuierliche Versorgung mit nahrhaften Produkten f\u00fcr die kommenden Jahre zu gew\u00e4hrleisten.<\/p>\n<p>Nach dem Erfolg unserer ersten Bem\u00fchungen planen wir, auf einen zweiten Hektar zu expandieren, um die Vielfalt und Menge der f\u00fcr unsere Gemeinschaft verf\u00fcgbaren Produkte weiter zu erh\u00f6hen.<\/p><p>Wir sind derzeit auf der Suche nach einem Grundst\u00fcck f\u00fcr die erste Etappe.<br><\/p>\t\t\t\t\t\t\t\t<\/div>\n\t\t\t\t<\/div>\n\t\t\t\t<div class=\"elementor-element elementor-element-1f0a82c elementor-widget elementor-widget-spacer\" data-id=\"1f0a82c\" data-element_type=\"widget\" data-e-type=\"widget\" data-widget_type=\"spacer.default\">\n\t\t\t\t<div class=\"elementor-widget-container\">\n\t\t\t\t\t\t\t<div class=\"elementor-spacer\">\n\t\t\t<div class=\"elementor-spacer-inner\"><\/div>\n\t\t<\/div>\n\t\t\t\t\t\t<\/div>\n\t\t\t\t<\/div>\n\t\t\t\t\t<\/div>\n\t\t\t\t<\/div>\n\t\t\t\t<\/div>\n\t\t","protected":false},"excerpt":{"rendered":"<p>Bild: Landwirtschaft bei SMAK Oetuke Die Agroforst-Initiative Oetuke ist ein Permakulturprojekt, das in der \u00dcberzeugung wurzelt, dass die Gesundheit unserer Gemeinschaft mit der Gesundheit unseres Landes beginnt. In Oetuke sind wir mit dem dringenden Problem der Verk\u00fcmmerung aufgrund von Ern\u00e4hrungsm\u00e4ngeln konfrontiert, ein Problem, das gr\u00f6\u00dftenteils auf die mangelnde Vielfalt der lokalen Produkte zur\u00fcckzuf\u00fchren ist. Unsere [&hellip;]<\/p>\n","protected":false},"author":1,"featured_media":0,"parent":2815,"menu_order":0,"comment_status":"closed","ping_status":"closed","template":"","meta":{"footnotes":""},"class_list":["post-2817","page","type-page","status-publish","hentry"],"_links":{"self":[{"href":"https:\/\/egi.education\/de\/wp-json\/wp\/v2\/pages\/2817","targetHints":{"allow":["GET"]}}],"collection":[{"href":"https:\/\/egi.education\/de\/wp-json\/wp\/v2\/pages"}],"about":[{"href":"https:\/\/egi.education\/de\/wp-json\/wp\/v2\/types\/page"}],"author":[{"embeddable":true,"href":"https:\/\/egi.education\/de\/wp-json\/wp\/v2\/users\/1"}],"replies":[{"embeddable":true,"href":"https:\/\/egi.education\/de\/wp-json\/wp\/v2\/comments?post=2817"}],"version-history":[{"count":4,"href":"https:\/\/egi.education\/de\/wp-json\/wp\/v2\/pages\/2817\/revisions"}],"predecessor-version":[{"id":4131,"href":"https:\/\/egi.education\/de\/wp-json\/wp\/v2\/pages\/2817\/revisions\/4131"}],"up":[{"embeddable":true,"href":"https:\/\/egi.education\/de\/wp-json\/wp\/v2\/pages\/2815"}],"wp:attachment":[{"href":"https:\/\/egi.education\/de\/wp-json\/wp\/v2\/media?parent=2817"}],"curies":[{"name":"wp","href":"https:\/\/api.w.org\/{rel}","templated":true}]}}