{"id":2815,"date":"2023-07-22T02:07:16","date_gmt":"2023-07-22T02:07:16","guid":{"rendered":"https:\/\/egi.education\/projekte\/"},"modified":"2025-08-22T08:36:56","modified_gmt":"2025-08-22T08:36:56","slug":"projekte","status":"publish","type":"page","link":"https:\/\/egi.education\/de\/projekte\/","title":{"rendered":"Projekte"},"content":{"rendered":"\t\t<div data-elementor-type=\"wp-page\" data-elementor-id=\"2815\" class=\"elementor elementor-2815 elementor-2254\" data-elementor-post-type=\"page\">\n\t\t\t\t<div class=\"elementor-element elementor-element-2c8adcf e-con-full desp e-flex e-con e-parent\" data-id=\"2c8adcf\" data-element_type=\"container\" data-e-type=\"container\">\n\t\t\t\t<div class=\"elementor-element elementor-element-4d9f5a3 elementor-widget elementor-widget-heading\" data-id=\"4d9f5a3\" data-element_type=\"widget\" data-e-type=\"widget\" data-widget_type=\"heading.default\">\n\t\t\t\t<div class=\"elementor-widget-container\">\n\t\t\t\t\t<h1 class=\"elementor-heading-title elementor-size-xxl\">Projekte<\/h1>\t\t\t\t<\/div>\n\t\t\t\t<\/div>\n\t\t\t\t<\/div>\n\t\t<div class=\"elementor-element elementor-element-a938a8c e-con-full desp e-flex e-con e-parent\" data-id=\"a938a8c\" data-element_type=\"container\" data-e-type=\"container\">\n\t\t<div class=\"elementor-element elementor-element-a810634 e-con-full e-flex e-con e-child\" data-id=\"a810634\" data-element_type=\"container\" data-e-type=\"container\">\n\t\t\t\t<div class=\"elementor-element elementor-element-8b8bbf5 elementor-widget elementor-widget-image\" data-id=\"8b8bbf5\" data-element_type=\"widget\" data-e-type=\"widget\" data-widget_type=\"image.default\">\n\t\t\t\t<div class=\"elementor-widget-container\">\n\t\t\t\t\t\t\t\t\t\t\t\t\t\t\t\t<a href=\"https:\/\/egi.education\/projects\/education-center-kotolin\/\">\n\t\t\t\t\t\t\t<img fetchpriority=\"high\" decoding=\"async\" width=\"1080\" height=\"720\" src=\"https:\/\/egi.education\/wp-content\/uploads\/2024\/11\/IMG_1905A.webp\" class=\"attachment-full size-full wp-image-4390\" alt=\"\" srcset=\"https:\/\/egi.education\/wp-content\/uploads\/2024\/11\/IMG_1905A.webp 1080w, https:\/\/egi.education\/wp-content\/uploads\/2024\/11\/IMG_1905A-300x200.webp 300w, https:\/\/egi.education\/wp-content\/uploads\/2024\/11\/IMG_1905A-1024x683.webp 1024w, https:\/\/egi.education\/wp-content\/uploads\/2024\/11\/IMG_1905A-768x512.webp 768w\" sizes=\"(max-width: 1080px) 100vw, 1080px\" \/>\t\t\t\t\t\t\t\t<\/a>\n\t\t\t\t\t\t\t\t\t\t\t\t\t\t\t<\/div>\n\t\t\t\t<\/div>\n\t\t\t\t<\/div>\n\t\t<div class=\"elementor-element elementor-element-34d3a46 e-con-full e-flex e-con e-child\" data-id=\"34d3a46\" data-element_type=\"container\" data-e-type=\"container\">\n\t\t\t\t<div class=\"elementor-element elementor-element-90c64be elementor-widget elementor-widget-heading\" data-id=\"90c64be\" data-element_type=\"widget\" data-e-type=\"widget\" data-widget_type=\"heading.default\">\n\t\t\t\t<div class=\"elementor-widget-container\">\n\t\t\t\t\t<h2 class=\"elementor-heading-title elementor-size-large\">Bildungs\u00ad\u00ad\u00adzentrum Kot'olin<\/h2>\t\t\t\t<\/div>\n\t\t\t\t<\/div>\n\t\t\t\t<div class=\"elementor-element elementor-element-63ac032 elementor-widget elementor-widget-text-editor\" data-id=\"63ac032\" data-element_type=\"widget\" data-e-type=\"widget\" data-widget_type=\"text-editor.default\">\n\t\t\t\t<div class=\"elementor-widget-container\">\n\t\t\t\t\t\t\t\t\t<p>Das Bildungszentrum Kot&#8217;olin in der Provinz Ost-Nusa Tenggara auf der indonesischen Insel Timor hat sich zum Ziel gesetzt, in einer der abgelegensten Gegenden des Landes eine qualitativ hochwertige Bildung anzubieten und eine nachhaltige Entwicklung zu f\u00f6rdern. Durch eine Reihe von Initiativen, darunter ein Kindergarten, eine Grundschule, Englischunterricht und ein Permakultur-\/Agroforstprojekt, will das Zentrum der Gemeinde wichtige F\u00e4higkeiten vermitteln. Unser Auftrag umfasst nicht nur das akademische Lernen, sondern auch die Gesundheitsf\u00f6rderung, den Umweltschutz und die Vermittlung von Verantwortung f\u00fcr die Gemeinschaft, um die n\u00e4chste Generation auf eine nachhaltige Zukunft vorzubereiten.<\/p>\t\t\t\t\t\t\t\t<\/div>\n\t\t\t\t<\/div>\n\t\t\t\t<div class=\"elementor-element elementor-element-0de85f9 elementor-widget elementor-widget-button\" data-id=\"0de85f9\" data-element_type=\"widget\" data-e-type=\"widget\" data-widget_type=\"button.default\">\n\t\t\t\t<div class=\"elementor-widget-container\">\n\t\t\t\t\t\t\t\t\t<div class=\"elementor-button-wrapper\">\n\t\t\t\t\t<a class=\"elementor-button elementor-button-link elementor-size-sm\" href=\"https:\/\/egi.education\/de\/projekte\/bildungszentrum-kotolin\/\">\n\t\t\t\t\t\t<span class=\"elementor-button-content-wrapper\">\n\t\t\t\t\t\t\t\t\t<span class=\"elementor-button-text\">Mehr erfahren<\/span>\n\t\t\t\t\t<\/span>\n\t\t\t\t\t<\/a>\n\t\t\t\t<\/div>\n\t\t\t\t\t\t\t\t<\/div>\n\t\t\t\t<\/div>\n\t\t\t\t<\/div>\n\t\t\t\t<\/div>\n\t\t<div class=\"elementor-element elementor-element-072084c e-con-full desp e-flex e-con e-parent\" data-id=\"072084c\" data-element_type=\"container\" data-e-type=\"container\" id=\"initiatives\">\n\t\t\t\t<div class=\"elementor-element elementor-element-1980a97 elementor-widget elementor-widget-heading\" data-id=\"1980a97\" data-element_type=\"widget\" data-e-type=\"widget\" id=\"initiatives\" data-widget_type=\"heading.default\">\n\t\t\t\t<div class=\"elementor-widget-container\">\n\t\t\t\t\t<h2 class=\"elementor-heading-title elementor-size-large\">Initiativen und Pilotprojekte<\/h2>\t\t\t\t<\/div>\n\t\t\t\t<\/div>\n\t\t\t\t<\/div>\n\t\t<div class=\"elementor-element elementor-element-32158a4 e-con-full desp1 e-grid e-con e-parent\" data-id=\"32158a4\" data-element_type=\"container\" data-e-type=\"container\">\n\t\t<div class=\"elementor-element elementor-element-791b00a e-flex e-con-boxed e-con e-child\" data-id=\"791b00a\" data-element_type=\"container\" data-e-type=\"container\">\n\t\t\t\t\t<div class=\"e-con-inner\">\n\t\t\t\t<div class=\"elementor-element elementor-element-70764dc elementor-widget elementor-widget-image\" data-id=\"70764dc\" data-element_type=\"widget\" data-e-type=\"widget\" data-widget_type=\"image.default\">\n\t\t\t\t<div class=\"elementor-widget-container\">\n\t\t\t\t\t\t\t\t\t\t\t\t\t\t\t<img decoding=\"async\" width=\"768\" height=\"512\" src=\"https:\/\/egi.education\/wp-content\/uploads\/2023\/07\/DSC06516-768x512.jpg\" class=\"attachment-medium_large size-medium_large wp-image-2355\" alt=\"\" srcset=\"https:\/\/egi.education\/wp-content\/uploads\/2023\/07\/DSC06516-768x512.jpg 768w, https:\/\/egi.education\/wp-content\/uploads\/2023\/07\/DSC06516-300x200.jpg 300w, https:\/\/egi.education\/wp-content\/uploads\/2023\/07\/DSC06516-1024x682.jpg 1024w, https:\/\/egi.education\/wp-content\/uploads\/2023\/07\/DSC06516-1536x1024.jpg 1536w, https:\/\/egi.education\/wp-content\/uploads\/2023\/07\/DSC06516.jpg 2000w\" sizes=\"(max-width: 768px) 100vw, 768px\" \/>\t\t\t\t\t\t\t\t\t\t\t\t\t\t\t<\/div>\n\t\t\t\t<\/div>\n\t\t\t\t<div class=\"elementor-element elementor-element-ec410bc elementor-widget elementor-widget-heading\" data-id=\"ec410bc\" data-element_type=\"widget\" data-e-type=\"widget\" data-widget_type=\"heading.default\">\n\t\t\t\t<div class=\"elementor-widget-container\">\n\t\t\t\t\t<h2 class=\"elementor-heading-title elementor-size-medium\">Sekundarstufe (SMP) Oetuke<\/h2>\t\t\t\t<\/div>\n\t\t\t\t<\/div>\n\t\t\t\t\t<\/div>\n\t\t\t\t<\/div>\n\t\t<div class=\"elementor-element elementor-element-83eef88 e-flex e-con-boxed e-con e-child\" data-id=\"83eef88\" data-element_type=\"container\" data-e-type=\"container\">\n\t\t\t\t\t<div class=\"e-con-inner\">\n\t\t\t\t<div class=\"elementor-element elementor-element-6638199 elementor-widget elementor-widget-image\" data-id=\"6638199\" data-element_type=\"widget\" data-e-type=\"widget\" data-widget_type=\"image.default\">\n\t\t\t\t<div class=\"elementor-widget-container\">\n\t\t\t\t\t\t\t\t\t\t\t\t\t\t\t<img decoding=\"async\" width=\"768\" height=\"512\" src=\"https:\/\/egi.education\/wp-content\/uploads\/2023\/07\/DSC06452-768x512.jpg\" class=\"attachment-medium_large size-medium_large wp-image-2318\" alt=\"\" srcset=\"https:\/\/egi.education\/wp-content\/uploads\/2023\/07\/DSC06452-768x512.jpg 768w, https:\/\/egi.education\/wp-content\/uploads\/2023\/07\/DSC06452-300x200.jpg 300w, https:\/\/egi.education\/wp-content\/uploads\/2023\/07\/DSC06452-1024x682.jpg 1024w, https:\/\/egi.education\/wp-content\/uploads\/2023\/07\/DSC06452-1536x1024.jpg 1536w, https:\/\/egi.education\/wp-content\/uploads\/2023\/07\/DSC06452.jpg 2000w\" sizes=\"(max-width: 768px) 100vw, 768px\" \/>\t\t\t\t\t\t\t\t\t\t\t\t\t\t\t<\/div>\n\t\t\t\t<\/div>\n\t\t\t\t<div class=\"elementor-element elementor-element-9ee9ccf elementor-widget elementor-widget-heading\" data-id=\"9ee9ccf\" data-element_type=\"widget\" data-e-type=\"widget\" data-widget_type=\"heading.default\">\n\t\t\t\t<div class=\"elementor-widget-container\">\n\t\t\t\t\t<h2 class=\"elementor-heading-title elementor-size-medium\">Agroforestry Initiative Oetuke<\/h2>\t\t\t\t<\/div>\n\t\t\t\t<\/div>\n\t\t\t\t\t<\/div>\n\t\t\t\t<\/div>\n\t\t<div class=\"elementor-element elementor-element-a37e112 e-flex e-con-boxed e-con e-child\" data-id=\"a37e112\" data-element_type=\"container\" data-e-type=\"container\">\n\t\t\t\t\t<div class=\"e-con-inner\">\n\t\t\t\t<div class=\"elementor-element elementor-element-5bd086a elementor-widget elementor-widget-image\" data-id=\"5bd086a\" data-element_type=\"widget\" data-e-type=\"widget\" data-widget_type=\"image.default\">\n\t\t\t\t<div class=\"elementor-widget-container\">\n\t\t\t\t\t\t\t\t\t\t\t\t\t\t\t<img loading=\"lazy\" decoding=\"async\" width=\"768\" height=\"512\" src=\"https:\/\/egi.education\/wp-content\/uploads\/2023\/07\/precast-768x512.jpeg\" class=\"attachment-medium_large size-medium_large wp-image-2364\" alt=\"\" srcset=\"https:\/\/egi.education\/wp-content\/uploads\/2023\/07\/precast-768x512.jpeg 768w, https:\/\/egi.education\/wp-content\/uploads\/2023\/07\/precast-300x200.jpeg 300w, https:\/\/egi.education\/wp-content\/uploads\/2023\/07\/precast-1024x683.jpeg 1024w, https:\/\/egi.education\/wp-content\/uploads\/2023\/07\/precast.jpeg 1200w\" sizes=\"(max-width: 768px) 100vw, 768px\" \/>\t\t\t\t\t\t\t\t\t\t\t\t\t\t\t<\/div>\n\t\t\t\t<\/div>\n\t\t\t\t<div class=\"elementor-element elementor-element-42d29d7 elementor-widget elementor-widget-heading\" data-id=\"42d29d7\" data-element_type=\"widget\" data-e-type=\"widget\" data-widget_type=\"heading.default\">\n\t\t\t\t<div class=\"elementor-widget-container\">\n\t\t\t\t\t<h2 class=\"elementor-heading-title elementor-size-medium\">Pre-cast Creations Oetuke<\/h2>\t\t\t\t<\/div>\n\t\t\t\t<\/div>\n\t\t\t\t\t<\/div>\n\t\t\t\t<\/div>\n\t\t<div class=\"elementor-element elementor-element-9296677 e-flex e-con-boxed e-con e-child\" data-id=\"9296677\" data-element_type=\"container\" data-e-type=\"container\">\n\t\t\t\t\t<div class=\"e-con-inner\">\n\t\t\t\t<div class=\"elementor-element elementor-element-8430a7d elementor-widget elementor-widget-image\" data-id=\"8430a7d\" data-element_type=\"widget\" data-e-type=\"widget\" data-widget_type=\"image.default\">\n\t\t\t\t<div class=\"elementor-widget-container\">\n\t\t\t\t\t\t\t\t\t\t\t\t\t\t\t<img loading=\"lazy\" decoding=\"async\" width=\"768\" height=\"512\" src=\"https:\/\/egi.education\/wp-content\/uploads\/2023\/07\/DSC06468-768x512.jpg\" class=\"attachment-medium_large size-medium_large wp-image-2281\" alt=\"\" srcset=\"https:\/\/egi.education\/wp-content\/uploads\/2023\/07\/DSC06468-768x512.jpg 768w, https:\/\/egi.education\/wp-content\/uploads\/2023\/07\/DSC06468-300x200.jpg 300w, https:\/\/egi.education\/wp-content\/uploads\/2023\/07\/DSC06468-1024x682.jpg 1024w, https:\/\/egi.education\/wp-content\/uploads\/2023\/07\/DSC06468-1536x1024.jpg 1536w, https:\/\/egi.education\/wp-content\/uploads\/2023\/07\/DSC06468.jpg 2000w\" sizes=\"(max-width: 768px) 100vw, 768px\" \/>\t\t\t\t\t\t\t\t\t\t\t\t\t\t\t<\/div>\n\t\t\t\t<\/div>\n\t\t\t\t<div class=\"elementor-element elementor-element-b03d583 elementor-widget elementor-widget-heading\" data-id=\"b03d583\" data-element_type=\"widget\" data-e-type=\"widget\" data-widget_type=\"heading.default\">\n\t\t\t\t<div class=\"elementor-widget-container\">\n\t\t\t\t\t<h2 class=\"elementor-heading-title elementor-size-medium\">Bamboo Innovations Kot'olin<\/h2>\t\t\t\t<\/div>\n\t\t\t\t<\/div>\n\t\t\t\t\t<\/div>\n\t\t\t\t<\/div>\n\t\t\t\t<\/div>\n\t\t<div class=\"elementor-element elementor-element-3fce11c e-flex e-con-boxed e-con e-parent\" data-id=\"3fce11c\" data-element_type=\"container\" data-e-type=\"container\">\n\t\t\t\t\t<div class=\"e-con-inner\">\n\t\t\t\t<div class=\"elementor-element elementor-element-3b68b90 elementor-widget elementor-widget-spacer\" data-id=\"3b68b90\" data-element_type=\"widget\" data-e-type=\"widget\" data-widget_type=\"spacer.default\">\n\t\t\t\t<div class=\"elementor-widget-container\">\n\t\t\t\t\t\t\t<div class=\"elementor-spacer\">\n\t\t\t<div class=\"elementor-spacer-inner\"><\/div>\n\t\t<\/div>\n\t\t\t\t\t\t<\/div>\n\t\t\t\t<\/div>\n\t\t\t\t\t<\/div>\n\t\t\t\t<\/div>\n\t\t\t\t<\/div>\n\t\t","protected":false},"excerpt":{"rendered":"<p>Projekte Bildungs\u00ad\u00ad\u00adzentrum Kot&#8217;olin Das Bildungszentrum Kot&#8217;olin in der Provinz Ost-Nusa Tenggara auf der indonesischen Insel Timor hat sich zum Ziel gesetzt, in einer der abgelegensten Gegenden des Landes eine qualitativ hochwertige Bildung anzubieten und eine nachhaltige Entwicklung zu f\u00f6rdern. Durch eine Reihe von Initiativen, darunter ein Kindergarten, eine Grundschule, Englischunterricht und ein Permakultur-\/Agroforstprojekt, will das [&hellip;]<\/p>\n","protected":false},"author":1,"featured_media":0,"parent":0,"menu_order":0,"comment_status":"closed","ping_status":"closed","template":"elementor_header_footer","meta":{"footnotes":""},"class_list":["post-2815","page","type-page","status-publish","hentry"],"_links":{"self":[{"href":"https:\/\/egi.education\/de\/wp-json\/wp\/v2\/pages\/2815","targetHints":{"allow":["GET"]}}],"collection":[{"href":"https:\/\/egi.education\/de\/wp-json\/wp\/v2\/pages"}],"about":[{"href":"https:\/\/egi.education\/de\/wp-json\/wp\/v2\/types\/page"}],"author":[{"embeddable":true,"href":"https:\/\/egi.education\/de\/wp-json\/wp\/v2\/users\/1"}],"replies":[{"embeddable":true,"href":"https:\/\/egi.education\/de\/wp-json\/wp\/v2\/comments?post=2815"}],"version-history":[{"count":8,"href":"https:\/\/egi.education\/de\/wp-json\/wp\/v2\/pages\/2815\/revisions"}],"predecessor-version":[{"id":6169,"href":"https:\/\/egi.education\/de\/wp-json\/wp\/v2\/pages\/2815\/revisions\/6169"}],"wp:attachment":[{"href":"https:\/\/egi.education\/de\/wp-json\/wp\/v2\/media?parent=2815"}],"curies":[{"name":"wp","href":"https:\/\/api.w.org\/{rel}","templated":true}]}}