{"id":2581,"date":"2021-11-26T09:59:13","date_gmt":"2021-11-26T09:59:13","guid":{"rendered":"https:\/\/egi.education\/datenschutzbestimmungen\/"},"modified":"2023-09-04T08:02:30","modified_gmt":"2023-09-04T08:02:30","slug":"datenschutzbestimmungen","status":"publish","type":"page","link":"https:\/\/egi.education\/de\/datenschutzbestimmungen\/","title":{"rendered":"Datenschutzbestimmungen"},"content":{"rendered":"\t\t<div data-elementor-type=\"wp-page\" data-elementor-id=\"2581\" class=\"elementor elementor-2581 elementor-29\" data-elementor-post-type=\"page\">\n\t\t\t\t<div class=\"elementor-element elementor-element-a8b3bd1 e-flex e-con-boxed e-con e-parent\" data-id=\"a8b3bd1\" data-element_type=\"container\" data-e-type=\"container\">\n\t\t\t\t\t<div class=\"e-con-inner\">\n\t\t\t\t<div class=\"elementor-element elementor-element-fee1ca2 elementor-widget elementor-widget-heading\" data-id=\"fee1ca2\" data-element_type=\"widget\" data-e-type=\"widget\" data-widget_type=\"heading.default\">\n\t\t\t\t<div class=\"elementor-widget-container\">\n\t\t\t\t\t<h1 class=\"elementor-heading-title elementor-size-xxl\">Datenschutzbestimmungen<\/h1>\t\t\t\t<\/div>\n\t\t\t\t<\/div>\n\t\t\t\t<div class=\"elementor-element elementor-element-83110f8 elementor-widget elementor-widget-text-editor\" data-id=\"83110f8\" data-element_type=\"widget\" data-e-type=\"widget\" data-widget_type=\"text-editor.default\">\n\t\t\t\t<div class=\"elementor-widget-container\">\n\t\t\t\t\t\t\t\t\t<p>Datum des Inkrafttretens: 01.01.2023<\/p>\n<p>Wir bei <strong>Empower Generations Indonesia (EGI)<\/strong> respektieren Ihre Privatsph\u00e4re und verpflichten uns, sie zu sch\u00fctzen. Diese Datenschutzrichtlinie beschreibt unsere Praktiken bez\u00fcglich der Erfassung, Verwendung und Weitergabe Ihrer pers\u00f6nlichen Daten. Mit dem Besuch unserer Website akzeptieren Sie die in dieser Richtlinie beschriebenen Praktiken und stimmen diesen zu.<\/p>\n<h2>1. Informationen, die wir sammeln<\/h2>\n<p>Unsere Website kann ohne Eingabe pers\u00f6nlicher Daten besucht werden. Es gibt jedoch F\u00e4lle, in denen wir Informationen von Ihnen ben\u00f6tigen:<\/p>\n<p>Kontakt-Formular: Wenn Sie sich \u00fcber unser Kontaktformular an uns wenden, erfassen wir die von Ihnen angegebenen personenbezogenen Daten, wie Ihren Namen und Ihre E-Mail-Adresse, um Ihre Anfragen zu beantworten.<\/p>\n<p>Google Analytics: Wir verwenden Google Analytics, um Erkenntnisse dar\u00fcber zu gewinnen, wie Nutzer mit unserer Website interagieren. Google Analytics sammelt aggregierte und anonyme Daten wie Ihre IP-Adresse, den Browsertyp, die Verweisquelle und die besuchten Seiten.<\/p>\n<h2>2. Verwendung von Informationen<\/h2>\n<p>Kontakt-Formular: Wir verwenden die Informationen aus unserem Kontaktformular ausschlie\u00dflich, um Ihre Anfragen zu beantworten.<\/p>\n<p>Google Analytics: Wir verwenden die von uns gesammelten Daten, um den Website-Verkehr und die Nutzung der Website zu verstehen.<\/p>\n<h2>3. Gemeinsame Nutzung von Daten<\/h2>\n<p>Wir verkaufen, handeln oder vermieten Ihre pers\u00f6nlichen Daten nicht an Dritte. Die Daten von Google Analytics werden an Google weitergegeben, und zwar ausschlie\u00dflich zum Zweck der Analyse der Nutzung unserer Website.<\/p>\n<h2>4. Vorratsdatenspeicherung<\/h2>\n<p>Wir bewahren die \u00fcber unser Kontaktformular erhobenen Daten so lange auf, wie es f\u00fcr die Erf\u00fcllung der in dieser Datenschutzrichtlinie genannten Zwecke erforderlich ist, es sei denn, eine l\u00e4ngere Aufbewahrungsfrist ist gesetzlich vorgeschrieben oder zul\u00e4ssig.<\/p>\n<h2>5. Deine Rechte<\/h2>\n<p>Gem\u00e4ss GDPR und Schweizer Recht haben Sie das Recht auf:<\/p>\n<p>Zugang zu Ihren pers\u00f6nlichen Daten beantragen<br \/>Ihre pers\u00f6nlichen Daten zu korrigieren oder zu l\u00f6schen<br \/>Widerspruch gegen die Nutzung und Verarbeitung Ihrer personenbezogenen Daten<br \/>uns auffordern, die Nutzung und Verarbeitung Ihrer personenbezogenen Daten einzuschr\u00e4nken<br \/>Antrag auf Daten\u00fcbertragbarkeit<br \/>Wenn Sie eines dieser Rechte aus\u00fcben m\u00f6chten, wenden Sie sich bitte an uns.<\/p>\n<h2>6. Sicherheit<\/h2>\n<p>Wir nehmen die Sicherheit Ihrer Daten ernst. Wir haben Massnahmen ergriffen, um Ihre pers\u00f6nlichen Daten vor versehentlichem Verlust und unbefugtem Zugriff, unbefugter Nutzung, \u00c4nderung und Offenlegung zu sch\u00fctzen.<\/p>\n<h2>7. \u00c4nderungen an unserer Datenschutzrichtlinie<\/h2>\n<p>K\u00fcnftige \u00c4nderungen an unserer Datenschutzpolitik werden auf dieser Seite ver\u00f6ffentlicht und Ihnen gegebenenfalls per E-Mail mitgeteilt.<\/p>\n<h2>8. Kontaktinformationen<\/h2>\n<p>Wenn Sie Fragen oder Bedenken bez\u00fcglich dieser Politik haben, <a href=\"https:\/\/egi.education\/de\/kontakt\/\">wenden Sie sich<\/a> bitte <a href=\"https:\/\/egi.education\/de\/kontakt\/\">an uns<\/a>.<\/p>\n\t\t\t\t\t\t\t\t<\/div>\n\t\t\t\t<\/div>\n\t\t\t\t\t<\/div>\n\t\t\t\t<\/div>\n\t\t\t\t<\/div>\n\t\t","protected":false},"excerpt":{"rendered":"<p>Datum des Inkrafttretens: 01.01.2023 Wir bei Empower Generations Indonesia (EGI) respektieren Ihre Privatsph\u00e4re und verpflichten uns, sie zu sch\u00fctzen. Diese Datenschutzrichtlinie beschreibt unsere Praktiken bez\u00fcglich der Erfassung, Verwendung und Weitergabe Ihrer pers\u00f6nlichen Daten. Mit dem Besuch unserer Website akzeptieren Sie die in dieser Richtlinie beschriebenen Praktiken und stimmen diesen zu. 1. Informationen, die wir sammeln [&hellip;]<\/p>\n","protected":false},"author":1,"featured_media":0,"parent":0,"menu_order":0,"comment_status":"closed","ping_status":"closed","template":"elementor_header_footer","meta":{"footnotes":""},"class_list":["post-2581","page","type-page","status-publish","hentry"],"_links":{"self":[{"href":"https:\/\/egi.education\/de\/wp-json\/wp\/v2\/pages\/2581","targetHints":{"allow":["GET"]}}],"collection":[{"href":"https:\/\/egi.education\/de\/wp-json\/wp\/v2\/pages"}],"about":[{"href":"https:\/\/egi.education\/de\/wp-json\/wp\/v2\/types\/page"}],"author":[{"embeddable":true,"href":"https:\/\/egi.education\/de\/wp-json\/wp\/v2\/users\/1"}],"replies":[{"embeddable":true,"href":"https:\/\/egi.education\/de\/wp-json\/wp\/v2\/comments?post=2581"}],"version-history":[{"count":3,"href":"https:\/\/egi.education\/de\/wp-json\/wp\/v2\/pages\/2581\/revisions"}],"predecessor-version":[{"id":2584,"href":"https:\/\/egi.education\/de\/wp-json\/wp\/v2\/pages\/2581\/revisions\/2584"}],"wp:attachment":[{"href":"https:\/\/egi.education\/de\/wp-json\/wp\/v2\/media?parent=2581"}],"curies":[{"name":"wp","href":"https:\/\/api.w.org\/{rel}","templated":true}]}}