{"id":1601,"date":"2023-04-08T01:30:43","date_gmt":"2023-04-08T01:30:43","guid":{"rendered":"https:\/\/egi.education\/werte\/"},"modified":"2025-07-19T13:42:25","modified_gmt":"2025-07-19T13:42:25","slug":"werte","status":"publish","type":"page","link":"https:\/\/egi.education\/de\/werte\/","title":{"rendered":"Werte"},"content":{"rendered":"\t\t<div data-elementor-type=\"wp-page\" data-elementor-id=\"1601\" class=\"elementor elementor-1601 elementor-1135\" data-elementor-post-type=\"page\">\n\t\t\t\t\t\t<section class=\"elementor-section elementor-top-section elementor-element elementor-element-8ceea66 elementor-section-boxed elementor-section-height-default elementor-section-height-default\" data-id=\"8ceea66\" data-element_type=\"section\" data-e-type=\"section\">\n\t\t\t\t\t\t<div class=\"elementor-container elementor-column-gap-default\">\n\t\t\t\t\t<div class=\"elementor-column elementor-col-100 elementor-top-column elementor-element elementor-element-7892528\" data-id=\"7892528\" data-element_type=\"column\" data-e-type=\"column\">\n\t\t\t<div class=\"elementor-widget-wrap elementor-element-populated\">\n\t\t\t\t\t\t<div class=\"elementor-element elementor-element-2e4d43b elementor-widget elementor-widget-heading\" data-id=\"2e4d43b\" data-element_type=\"widget\" data-e-type=\"widget\" data-widget_type=\"heading.default\">\n\t\t\t\t<div class=\"elementor-widget-container\">\n\t\t\t\t\t<h1 class=\"elementor-heading-title elementor-size-xl\">Werte<\/h1>\t\t\t\t<\/div>\n\t\t\t\t<\/div>\n\t\t<div class=\"elementor-element elementor-element-c4ea0aa value e-flex e-con-boxed e-con e-parent\" data-id=\"c4ea0aa\" data-element_type=\"container\" data-e-type=\"container\">\n\t\t\t\t\t<div class=\"e-con-inner\">\n\t\t<div class=\"elementor-element elementor-element-b9dc2d9 e-con-full e-flex e-con e-child\" data-id=\"b9dc2d9\" data-element_type=\"container\" data-e-type=\"container\">\n\t\t\t\t<div class=\"elementor-element elementor-element-019b6cf valueh elementor-widget elementor-widget-heading\" data-id=\"019b6cf\" data-element_type=\"widget\" data-e-type=\"widget\" data-widget_type=\"heading.default\">\n\t\t\t\t<div class=\"elementor-widget-container\">\n\t\t\t\t\t<h2 class=\"elementor-heading-title elementor-size-large\">1. Einf\u00fchlungsverm\u00f6gen und Mitgef\u00fchl<\/h2>\t\t\t\t<\/div>\n\t\t\t\t<\/div>\n\t\t\t\t<\/div>\n\t\t<div class=\"elementor-element elementor-element-8fb8c66 e-con-full e-flex e-con e-child\" data-id=\"8fb8c66\" data-element_type=\"container\" data-e-type=\"container\">\n\t\t\t\t<div class=\"elementor-element elementor-element-8447b21 valuetext elementor-widget elementor-widget-text-editor\" data-id=\"8447b21\" data-element_type=\"widget\" data-e-type=\"widget\" data-widget_type=\"text-editor.default\">\n\t\t\t\t<div class=\"elementor-widget-container\">\n\t\t\t\t\t\t\t\t\t<p>Wir handeln aus tiefem Mitgef\u00fchl. Unsere Motivation ist es, Menschen wirklich zu verstehen und ihnen auf Augenh\u00f6he zu begegnen, um gemeinsam Hoffnung und St\u00e4rke zu f\u00f6rdern. <\/p>\t\t\t\t\t\t\t\t<\/div>\n\t\t\t\t<\/div>\n\t\t\t\t<\/div>\n\t\t\t\t\t<\/div>\n\t\t\t\t<\/div>\n\t\t<div class=\"elementor-element elementor-element-66c0e06 value e-flex e-con-boxed e-con e-parent\" data-id=\"66c0e06\" data-element_type=\"container\" data-e-type=\"container\">\n\t\t\t\t\t<div class=\"e-con-inner\">\n\t\t<div class=\"elementor-element elementor-element-e3f74cb e-con-full e-flex e-con e-child\" data-id=\"e3f74cb\" data-element_type=\"container\" data-e-type=\"container\">\n\t\t\t\t<div class=\"elementor-element elementor-element-826b9e0 valueh elementor-widget elementor-widget-heading\" data-id=\"826b9e0\" data-element_type=\"widget\" data-e-type=\"widget\" data-widget_type=\"heading.default\">\n\t\t\t\t<div class=\"elementor-widget-container\">\n\t\t\t\t\t<h2 class=\"elementor-heading-title elementor-size-large\">2. Bescheidenheit<\/h2>\t\t\t\t<\/div>\n\t\t\t\t<\/div>\n\t\t\t\t<\/div>\n\t\t<div class=\"elementor-element elementor-element-a5de738 e-con-full e-flex e-con e-child\" data-id=\"a5de738\" data-element_type=\"container\" data-e-type=\"container\">\n\t\t\t\t<div class=\"elementor-element elementor-element-448cccc valuetext elementor-widget elementor-widget-text-editor\" data-id=\"448cccc\" data-element_type=\"widget\" data-e-type=\"widget\" data-widget_type=\"text-editor.default\">\n\t\t\t\t<div class=\"elementor-widget-container\">\n\t\t\t\t\t\t\t\t\t<p>Bescheidenheit pr\u00e4gt unsere Haltung und unseren Lebensstil. Wir verzichten bewusst auf \u00e4u\u00dferen Schein, bleiben lernbereit und setzen auf ein einfaches, dienendes Miteinander.<\/p>\t\t\t\t\t\t\t\t<\/div>\n\t\t\t\t<\/div>\n\t\t\t\t<\/div>\n\t\t\t\t\t<\/div>\n\t\t\t\t<\/div>\n\t\t<div class=\"elementor-element elementor-element-0a0b5f7 value e-flex e-con-boxed e-con e-parent\" data-id=\"0a0b5f7\" data-element_type=\"container\" data-e-type=\"container\">\n\t\t\t\t\t<div class=\"e-con-inner\">\n\t\t<div class=\"elementor-element elementor-element-5f8b4ea e-con-full e-flex e-con e-child\" data-id=\"5f8b4ea\" data-element_type=\"container\" data-e-type=\"container\">\n\t\t\t\t<div class=\"elementor-element elementor-element-7e55785 valueh elementor-widget elementor-widget-heading\" data-id=\"7e55785\" data-element_type=\"widget\" data-e-type=\"widget\" data-widget_type=\"heading.default\">\n\t\t\t\t<div class=\"elementor-widget-container\">\n\t\t\t\t\t<h2 class=\"elementor-heading-title elementor-size-large\">3. Dankbarkeit <\/h2>\t\t\t\t<\/div>\n\t\t\t\t<\/div>\n\t\t\t\t<\/div>\n\t\t<div class=\"elementor-element elementor-element-dd63bbf e-con-full e-flex e-con e-child\" data-id=\"dd63bbf\" data-element_type=\"container\" data-e-type=\"container\">\n\t\t\t\t<div class=\"elementor-element elementor-element-1481fb6 valuetext elementor-widget elementor-widget-text-editor\" data-id=\"1481fb6\" data-element_type=\"widget\" data-e-type=\"widget\" data-widget_type=\"text-editor.default\">\n\t\t\t\t<div class=\"elementor-widget-container\">\n\t\t\t\t\t\t\t\t\t<p>Wir leben Dankbarkeit \u2013 f\u00fcr Chancen, Menschen und kleine Fortschritte. Diese Haltung st\u00e4rkt unseren Blick f\u00fcr das Gute und schafft eine Atmosph\u00e4re der Wertsch\u00e4tzung.<\/p>\t\t\t\t\t\t\t\t<\/div>\n\t\t\t\t<\/div>\n\t\t\t\t<\/div>\n\t\t\t\t\t<\/div>\n\t\t\t\t<\/div>\n\t\t<div class=\"elementor-element elementor-element-2df60de value e-flex e-con-boxed e-con e-parent\" data-id=\"2df60de\" data-element_type=\"container\" data-e-type=\"container\">\n\t\t\t\t\t<div class=\"e-con-inner\">\n\t\t<div class=\"elementor-element elementor-element-88e6dc3 e-con-full e-flex e-con e-child\" data-id=\"88e6dc3\" data-element_type=\"container\" data-e-type=\"container\">\n\t\t\t\t<div class=\"elementor-element elementor-element-2b2a1d1 valueh elementor-widget elementor-widget-heading\" data-id=\"2b2a1d1\" data-element_type=\"widget\" data-e-type=\"widget\" data-widget_type=\"heading.default\">\n\t\t\t\t<div class=\"elementor-widget-container\">\n\t\t\t\t\t<h2 class=\"elementor-heading-title elementor-size-large\">4. Gemeinschaft und Zusammenarbeit<\/h2>\t\t\t\t<\/div>\n\t\t\t\t<\/div>\n\t\t\t\t<\/div>\n\t\t<div class=\"elementor-element elementor-element-2321cd0 e-con-full e-flex e-con e-child\" data-id=\"2321cd0\" data-element_type=\"container\" data-e-type=\"container\">\n\t\t\t\t<div class=\"elementor-element elementor-element-f396af1 valuetext elementor-widget elementor-widget-text-editor\" data-id=\"f396af1\" data-element_type=\"widget\" data-e-type=\"widget\" data-widget_type=\"text-editor.default\">\n\t\t\t\t<div class=\"elementor-widget-container\">\n\t\t\t\t\t\t\t\t\t<p>Wir k\u00fcmmern uns um unsere Teams, unsere Sch\u00fcler und die Gemeinschaften vor Ort. Durch vertrauensvolle Zusammenarbeit entsteht nachhaltige Ver\u00e4nderung. <\/p>\t\t\t\t\t\t\t\t<\/div>\n\t\t\t\t<\/div>\n\t\t\t\t<\/div>\n\t\t\t\t\t<\/div>\n\t\t\t\t<\/div>\n\t\t<div class=\"elementor-element elementor-element-b06101f value e-flex e-con-boxed e-con e-parent\" data-id=\"b06101f\" data-element_type=\"container\" data-e-type=\"container\">\n\t\t\t\t\t<div class=\"e-con-inner\">\n\t\t<div class=\"elementor-element elementor-element-413d069 e-con-full e-flex e-con e-child\" data-id=\"413d069\" data-element_type=\"container\" data-e-type=\"container\">\n\t\t\t\t<div class=\"elementor-element elementor-element-28b4e1b valueh elementor-widget elementor-widget-heading\" data-id=\"28b4e1b\" data-element_type=\"widget\" data-e-type=\"widget\" data-widget_type=\"heading.default\">\n\t\t\t\t<div class=\"elementor-widget-container\">\n\t\t\t\t\t<h2 class=\"elementor-heading-title elementor-size-large\">5. Wirkungsorientierung<\/h2>\t\t\t\t<\/div>\n\t\t\t\t<\/div>\n\t\t\t\t<\/div>\n\t\t<div class=\"elementor-element elementor-element-b6d8efb e-con-full e-flex e-con e-child\" data-id=\"b6d8efb\" data-element_type=\"container\" data-e-type=\"container\">\n\t\t\t\t<div class=\"elementor-element elementor-element-2f9d7b6 valuetext elementor-widget elementor-widget-text-editor\" data-id=\"2f9d7b6\" data-element_type=\"widget\" data-e-type=\"widget\" data-widget_type=\"text-editor.default\">\n\t\t\t\t<div class=\"elementor-widget-container\">\n\t\t\t\t\t\t\t\t\t<p>We are driven by meaningful change, not recognition. We focus on outcomes that are sustainable, not just visible. <\/p>\t\t\t\t\t\t\t\t<\/div>\n\t\t\t\t<\/div>\n\t\t\t\t<\/div>\n\t\t\t\t\t<\/div>\n\t\t\t\t<\/div>\n\t\t<div class=\"elementor-element elementor-element-d7636f4 value e-flex e-con-boxed e-con e-parent\" data-id=\"d7636f4\" data-element_type=\"container\" data-e-type=\"container\">\n\t\t\t\t\t<div class=\"e-con-inner\">\n\t\t<div class=\"elementor-element elementor-element-64773b1 e-con-full e-flex e-con e-child\" data-id=\"64773b1\" data-element_type=\"container\" data-e-type=\"container\">\n\t\t\t\t<div class=\"elementor-element elementor-element-212e512 valueh elementor-widget elementor-widget-heading\" data-id=\"212e512\" data-element_type=\"widget\" data-e-type=\"widget\" data-widget_type=\"heading.default\">\n\t\t\t\t<div class=\"elementor-widget-container\">\n\t\t\t\t\t<h2 class=\"elementor-heading-title elementor-size-large\">6. Bef\u00e4higung<\/h2>\t\t\t\t<\/div>\n\t\t\t\t<\/div>\n\t\t\t\t<\/div>\n\t\t<div class=\"elementor-element elementor-element-2c7b58d e-con-full e-flex e-con e-child\" data-id=\"2c7b58d\" data-element_type=\"container\" data-e-type=\"container\">\n\t\t\t\t<div class=\"elementor-element elementor-element-8a6b7d0 valuetext elementor-widget elementor-widget-text-editor\" data-id=\"8a6b7d0\" data-element_type=\"widget\" data-e-type=\"widget\" data-widget_type=\"text-editor.default\">\n\t\t\t\t<div class=\"elementor-widget-container\">\n\t\t\t\t\t\t\t\t\t<p>Wir st\u00e4rken lokale Lehrkr\u00e4fte, damit sie ihr Wissen weitergeben und andere ausbilden k\u00f6nnen. So w\u00e4chst Ver\u00e4nderung von innen heraus und wirkt \u00fcber Generationen hinweg.<\/p>\t\t\t\t\t\t\t\t<\/div>\n\t\t\t\t<\/div>\n\t\t\t\t<\/div>\n\t\t\t\t\t<\/div>\n\t\t\t\t<\/div>\n\t\t<div class=\"elementor-element elementor-element-54a6e29 value e-flex e-con-boxed e-con e-parent\" data-id=\"54a6e29\" data-element_type=\"container\" data-e-type=\"container\">\n\t\t\t\t\t<div class=\"e-con-inner\">\n\t\t<div class=\"elementor-element elementor-element-d6b7791 e-con-full e-flex e-con e-child\" data-id=\"d6b7791\" data-element_type=\"container\" data-e-type=\"container\">\n\t\t\t\t<div class=\"elementor-element elementor-element-46c747c valueh elementor-widget elementor-widget-heading\" data-id=\"46c747c\" data-element_type=\"widget\" data-e-type=\"widget\" data-widget_type=\"heading.default\">\n\t\t\t\t<div class=\"elementor-widget-container\">\n\t\t\t\t\t<h2 class=\"elementor-heading-title elementor-size-large\">7. Arbeitsethik<\/h2>\t\t\t\t<\/div>\n\t\t\t\t<\/div>\n\t\t\t\t<\/div>\n\t\t<div class=\"elementor-element elementor-element-ee58b11 e-con-full e-flex e-con e-child\" data-id=\"ee58b11\" data-element_type=\"container\" data-e-type=\"container\">\n\t\t\t\t<div class=\"elementor-element elementor-element-6026bf6 valuetext elementor-widget elementor-widget-text-editor\" data-id=\"6026bf6\" data-element_type=\"widget\" data-e-type=\"widget\" data-widget_type=\"text-editor.default\">\n\t\t\t\t<div class=\"elementor-widget-container\">\n\t\t\t\t\t\t\t\t\t<p>Wir verpflichten uns zu harter Arbeit. Wir engagieren uns f\u00fcr kontinuierliches Lernen und Verbesserung.<\/p>\t\t\t\t\t\t\t\t<\/div>\n\t\t\t\t<\/div>\n\t\t\t\t<\/div>\n\t\t\t\t\t<\/div>\n\t\t\t\t<\/div>\n\t\t<div class=\"elementor-element elementor-element-8405abd value e-flex e-con-boxed e-con e-parent\" data-id=\"8405abd\" data-element_type=\"container\" data-e-type=\"container\">\n\t\t\t\t\t<div class=\"e-con-inner\">\n\t\t<div class=\"elementor-element elementor-element-641d0e1 e-con-full e-flex e-con e-child\" data-id=\"641d0e1\" data-element_type=\"container\" data-e-type=\"container\">\n\t\t\t\t<div class=\"elementor-element elementor-element-98ac46f valueh elementor-widget elementor-widget-heading\" data-id=\"98ac46f\" data-element_type=\"widget\" data-e-type=\"widget\" data-widget_type=\"heading.default\">\n\t\t\t\t<div class=\"elementor-widget-container\">\n\t\t\t\t\t<h2 class=\"elementor-heading-title elementor-size-large\">8. Innovation und Kreativit\u00e4t<\/h2>\t\t\t\t<\/div>\n\t\t\t\t<\/div>\n\t\t\t\t<\/div>\n\t\t<div class=\"elementor-element elementor-element-c10d547 e-con-full e-flex e-con e-child\" data-id=\"c10d547\" data-element_type=\"container\" data-e-type=\"container\">\n\t\t\t\t<div class=\"elementor-element elementor-element-97297f9 valuetext elementor-widget elementor-widget-text-editor\" data-id=\"97297f9\" data-element_type=\"widget\" data-e-type=\"widget\" data-widget_type=\"text-editor.default\">\n\t\t\t\t<div class=\"elementor-widget-container\">\n\t\t\t\t\t\t\t\t\t<p>Wir denken neu, handeln kreativ und suchen mutige Wege, um gesellschaftliche und \u00f6kologische Herausforderungen nachhaltig zu l\u00f6sen.<\/p>\t\t\t\t\t\t\t\t<\/div>\n\t\t\t\t<\/div>\n\t\t\t\t<\/div>\n\t\t\t\t\t<\/div>\n\t\t\t\t<\/div>\n\t\t<div class=\"elementor-element elementor-element-0cc8167 value e-flex e-con-boxed e-con e-parent\" data-id=\"0cc8167\" data-element_type=\"container\" data-e-type=\"container\">\n\t\t\t\t\t<div class=\"e-con-inner\">\n\t\t<div class=\"elementor-element elementor-element-03711e5 e-con-full e-flex e-con e-child\" data-id=\"03711e5\" data-element_type=\"container\" data-e-type=\"container\">\n\t\t\t\t<div class=\"elementor-element elementor-element-9520ad3 valueh elementor-widget elementor-widget-heading\" data-id=\"9520ad3\" data-element_type=\"widget\" data-e-type=\"widget\" data-widget_type=\"heading.default\">\n\t\t\t\t<div class=\"elementor-widget-container\">\n\t\t\t\t\t<h2 class=\"elementor-heading-title elementor-size-large\">9. Integrit\u00e4t und Ehrlichkeit<\/h2>\t\t\t\t<\/div>\n\t\t\t\t<\/div>\n\t\t\t\t<\/div>\n\t\t<div class=\"elementor-element elementor-element-e34b00e e-con-full e-flex e-con e-child\" data-id=\"e34b00e\" data-element_type=\"container\" data-e-type=\"container\">\n\t\t\t\t<div class=\"elementor-element elementor-element-7386580 valuetext elementor-widget elementor-widget-text-editor\" data-id=\"7386580\" data-element_type=\"widget\" data-e-type=\"widget\" data-widget_type=\"text-editor.default\">\n\t\t\t\t<div class=\"elementor-widget-container\">\n\t\t\t\t\t\t\t\t\t<p>Wir stehen f\u00fcr Aufrichtigkeit, Transparenz und Fairness. Wir lehnen Korruption ab, achten geltendes Recht und halten, was wir versprechen.<\/p>\t\t\t\t\t\t\t\t<\/div>\n\t\t\t\t<\/div>\n\t\t\t\t<\/div>\n\t\t\t\t\t<\/div>\n\t\t\t\t<\/div>\n\t\t<div class=\"elementor-element elementor-element-20f6df0 value e-flex e-con-boxed e-con e-parent\" data-id=\"20f6df0\" data-element_type=\"container\" data-e-type=\"container\">\n\t\t\t\t\t<div class=\"e-con-inner\">\n\t\t<div class=\"elementor-element elementor-element-2dce97c e-con-full e-flex e-con e-child\" data-id=\"2dce97c\" data-element_type=\"container\" data-e-type=\"container\">\n\t\t\t\t<div class=\"elementor-element elementor-element-9164d13 valueh elementor-widget elementor-widget-heading\" data-id=\"9164d13\" data-element_type=\"widget\" data-e-type=\"widget\" data-widget_type=\"heading.default\">\n\t\t\t\t<div class=\"elementor-widget-container\">\n\t\t\t\t\t<h2 class=\"elementor-heading-title elementor-size-large\">10. Umweltbewusstsein<\/h2>\t\t\t\t<\/div>\n\t\t\t\t<\/div>\n\t\t\t\t<\/div>\n\t\t<div class=\"elementor-element elementor-element-963ca45 e-con-full e-flex e-con e-child\" data-id=\"963ca45\" data-element_type=\"container\" data-e-type=\"container\">\n\t\t\t\t<div class=\"elementor-element elementor-element-6f2978d valuetext elementor-widget elementor-widget-text-editor\" data-id=\"6f2978d\" data-element_type=\"widget\" data-e-type=\"widget\" data-widget_type=\"text-editor.default\">\n\t\t\t\t<div class=\"elementor-widget-container\">\n\t\t\t\t\t\t\t\t\t<p>Wir achten die Natur und handeln umweltbewusst \u2013 aus Verantwortung gegen\u00fcber kommenden Generationen und im Sinne einer nachhaltigen Zukunft<\/p>\t\t\t\t\t\t\t\t<\/div>\n\t\t\t\t<\/div>\n\t\t\t\t<\/div>\n\t\t\t\t\t<\/div>\n\t\t\t\t<\/div>\n\t\t\t\t\t<\/div>\n\t\t<\/div>\n\t\t\t\t\t<\/div>\n\t\t<\/section>\n\t\t\t\t<\/div>\n\t\t","protected":false},"excerpt":{"rendered":"<p>Werte 1. Einf\u00fchlungsverm\u00f6gen und Mitgef\u00fchl Wir handeln aus tiefem Mitgef\u00fchl. Unsere Motivation ist es, Menschen wirklich zu verstehen und ihnen auf Augenh\u00f6he zu begegnen, um gemeinsam Hoffnung und St\u00e4rke zu f\u00f6rdern. 2. Bescheidenheit Bescheidenheit pr\u00e4gt unsere Haltung und unseren Lebensstil. Wir verzichten bewusst auf \u00e4u\u00dferen Schein, bleiben lernbereit und setzen auf ein einfaches, dienendes Miteinander. [&hellip;]<\/p>\n","protected":false},"author":1,"featured_media":0,"parent":0,"menu_order":0,"comment_status":"closed","ping_status":"closed","template":"","meta":{"footnotes":""},"class_list":["post-1601","page","type-page","status-publish","hentry"],"_links":{"self":[{"href":"https:\/\/egi.education\/de\/wp-json\/wp\/v2\/pages\/1601","targetHints":{"allow":["GET"]}}],"collection":[{"href":"https:\/\/egi.education\/de\/wp-json\/wp\/v2\/pages"}],"about":[{"href":"https:\/\/egi.education\/de\/wp-json\/wp\/v2\/types\/page"}],"author":[{"embeddable":true,"href":"https:\/\/egi.education\/de\/wp-json\/wp\/v2\/users\/1"}],"replies":[{"embeddable":true,"href":"https:\/\/egi.education\/de\/wp-json\/wp\/v2\/comments?post=1601"}],"version-history":[{"count":9,"href":"https:\/\/egi.education\/de\/wp-json\/wp\/v2\/pages\/1601\/revisions"}],"predecessor-version":[{"id":5815,"href":"https:\/\/egi.education\/de\/wp-json\/wp\/v2\/pages\/1601\/revisions\/5815"}],"wp:attachment":[{"href":"https:\/\/egi.education\/de\/wp-json\/wp\/v2\/media?parent=1601"}],"curies":[{"name":"wp","href":"https:\/\/api.w.org\/{rel}","templated":true}]}}